{"id":5011,"date":"2022-01-26T10:14:50","date_gmt":"2022-01-26T09:14:50","guid":{"rendered":"https:\/\/coloria.ch\/bmjheebi\/?page_id=5011"},"modified":"2026-01-29T07:03:38","modified_gmt":"2026-01-29T07:03:38","slug":"backstage-photo","status":"publish","type":"page","link":"https:\/\/coloria.ch\/bmjheebi\/backstage-photo\/","title":{"rendered":"Backstage"},"content":{"rendered":"<p><img decoding=\"async\" src=\"\/wp-content\/uploads\/Backstage.jpg\" alt=\"\"><\/p>\n<div>\n<h1 style=\"text-align: center;\">Backstage Coloria<\/h1>\n<h2>Cette rubrique vous donne un aper\u00e7u des coulisses. Vous y d\u00e9couvrirez les diff\u00e9rentes \u00e9tapes d&rsquo;un shooting chez Coloria. Cela va de la pr\u00e9paration du studio au tri des images, en passant par la mise-en-beaut\u00e9, le placement des lumi\u00e8res, la direction de poses et la prise-de-vues.<\/h2>\n<\/div>\n<p>\n    <a href=\"https:\/\/www.youtube.com\/@coloriastudiophoto4213\" target=\"_blank\" rel=\"noopener\">Nos vid\u00e9os BTS<\/a>\n<\/p>\n<div>\n<p>[widgetkit id=\u00a0\u00bb81&Prime;]<\/p>\n<\/div>\n<p><!--more--><br \/>\n<!-- {\"type\":\"layout\",\"children\":[{\"type\":\"section\",\"props\":{\"image_position\":\"center-center\",\"style\":\"secondary\",\"title_breakpoint\":\"xl\",\"title_position\":\"top-left\",\"title_rotation\":\"left\",\"vertical_align\":\"middle\",\"width\":\"default\"},\"children\":[{\"type\":\"row\",\"children\":[{\"type\":\"column\",\"props\":{\"image_position\":\"center-center\",\"position_sticky_breakpoint\":\"m\"},\"children\":[{\"type\":\"image\",\"props\":{\"image\":\"wp-content\\\/uploads\\\/Backstage.jpg\",\"image_svg_color\":\"emphasis\",\"margin\":\"default\"}}]}]},{\"type\":\"row\",\"children\":[{\"type\":\"column\",\"props\":{\"image_position\":\"center-center\",\"position_sticky_breakpoint\":\"m\"},\"children\":[{\"type\":\"text\",\"props\":{\"column_breakpoint\":\"m\",\"content\":\"\n\n<h1 style=\\\"text-align: center;\\\">Backstage Coloria<\\\/h1>\\n\n\n<h2>Cette rubrique vous donne un aper\\u00e7u des coulisses. Vous y d\\u00e9couvrirez les diff\\u00e9rentes \\u00e9tapes d'un shooting chez Coloria. Cela va de la pr\\u00e9paration du studio au tri des images, en passant par la mise-en-beaut\\u00e9, le placement des lumi\\u00e8res, la direction de poses et la prise-de-vues.<\\\/h2>\",\"margin\":\"default\",\"text_align\":\"center\",\"text_color\":\"emphasis\"}},{\"type\":\"button\",\"props\":{\"grid_column_gap\":\"small\",\"grid_row_gap\":\"small\",\"margin\":\"default\",\"text_align\":\"center\"},\"children\":[{\"type\":\"button_item\",\"props\":{\"button_style\":\"primary\",\"content\":\"Nos vid\\u00e9os BTS\",\"icon\":\"youtube\",\"icon_align\":\"left\",\"link\":\"https:\\\/\\\/www.youtube.com\\\/@coloriastudiophoto4213\",\"link_target\":\"blank\",\"link_title\":\"Nos vid\\u00e9os BTS\"}}]},{\"type\":\"text\",\"props\":{\"column_breakpoint\":\"m\",\"content\":\"\n\n<p>[widgetkit id=\\\"81\\\"]<\\\/p>\",\"margin\":\"default\",\"text_color\":\"primary\"}}]}]}],\"modified\":\"2022-01-26T09:07:36.105Z\",\"name\":\"Page -portfolio\"}],\"version\":\"4.3.7\"} --><\/p>\n","protected":false},"excerpt":{"rendered":"<p>Backstage Coloria Cette rubrique vous donne un aper\u00e7u des coulisses. Vous y d\u00e9couvrirez les diff\u00e9rentes \u00e9tapes d&rsquo;un shooting chez Coloria. Cela va de la pr\u00e9paration du studio au tri des images, en passant par la mise-en-beaut\u00e9, le placement des lumi\u00e8res, la direction de poses et la prise-de-vues. Nos vid\u00e9os BTS [widgetkit id=\u00a0\u00bb81&Prime;]<\/p>\n","protected":false},"author":2,"featured_media":0,"parent":0,"menu_order":0,"comment_status":"closed","ping_status":"closed","template":"","meta":{"_acf_changed":false,"footnotes":""},"class_list":["post-5011","page","type-page","status-publish","hentry"],"acf":[],"_links":{"self":[{"href":"https:\/\/coloria.ch\/bmjheebi\/wp-json\/wp\/v2\/pages\/5011","targetHints":{"allow":["GET"]}}],"collection":[{"href":"https:\/\/coloria.ch\/bmjheebi\/wp-json\/wp\/v2\/pages"}],"about":[{"href":"https:\/\/coloria.ch\/bmjheebi\/wp-json\/wp\/v2\/types\/page"}],"author":[{"embeddable":true,"href":"https:\/\/coloria.ch\/bmjheebi\/wp-json\/wp\/v2\/users\/2"}],"replies":[{"embeddable":true,"href":"https:\/\/coloria.ch\/bmjheebi\/wp-json\/wp\/v2\/comments?post=5011"}],"version-history":[{"count":12,"href":"https:\/\/coloria.ch\/bmjheebi\/wp-json\/wp\/v2\/pages\/5011\/revisions"}],"predecessor-version":[{"id":8805,"href":"https:\/\/coloria.ch\/bmjheebi\/wp-json\/wp\/v2\/pages\/5011\/revisions\/8805"}],"wp:attachment":[{"href":"https:\/\/coloria.ch\/bmjheebi\/wp-json\/wp\/v2\/media?parent=5011"}],"curies":[{"name":"wp","href":"https:\/\/api.w.org\/{rel}","templated":true}]}}