{"id":6327,"date":"2024-02-05T15:05:08","date_gmt":"2024-02-05T14:05:08","guid":{"rendered":"https:\/\/coloria.ch\/bmjheebi\/?page_id=6327"},"modified":"2025-09-12T07:41:18","modified_gmt":"2025-09-12T07:41:18","slug":"les-formations","status":"publish","type":"page","link":"https:\/\/coloria.ch\/bmjheebi\/les-formations\/","title":{"rendered":"Les formations"},"content":{"rendered":"<h1>Chez Coloria nous proposons des modules de formation pour photographe d\u00e9sirant se familiariser avec le portrait en studio.<\/h1>\n<p><img decoding=\"async\" src=\"\/wp-content\/uploads\/Setup_Studio_Formation-scaled.jpg\" alt=\"Setup Studio Formation Photographe\"><\/p>\n<h1>\n<h5>Chaque module peut \u00eatre organis\u00e9 individuellement ou par groupe de deux personnes.<br \/>D\u00e8s l&rsquo;achat de 2 modules, un shooting coach\u00e9 est offert<\/h5>\n<\/h1>\n<ul>\n<li>\n<h3>1. Les bases de la photographie portrait en studio<\/h3>\n<div>\n<p>Dur\u00e9e: \u00a04h<\/p>\n<p>Prix : Individuel CHF 450.\u2013 \/ \u00e0 deux pers. 300.\u2013\/pers.<\/p>\n<p>Conditions: Poss\u00e9der son propre \u00e9quipement photo (bo\u00eetier semi-pro et objectif LF entre 35 et 85mm)<\/p>\n<p>Contenu du cours :<\/p>\n<p><span class=\"Apple-tab-span\"> <\/span>\u2022 Familiarisation avec l\u2019\u00e9quipement studio<\/p>\n<p><span class=\"Apple-tab-span\"><\/span>\u00a0 \u00a0&#8211; Les fonds<\/p>\n<p><span class=\"Apple-tab-span\"><\/span>\u00a0 \u00a0&#8211; Les tr\u00e9pieds<\/p>\n<p><span class=\"Apple-tab-span\"><\/span>\u00a0 \u00a0&#8211; Les T\u00eates flash avec t\u00e9l\u00e9commande<\/p>\n<p><span class=\"Apple-tab-span\"><\/span>\u00a0 \u00a0&#8211; Les fa\u00e7onneurs de lumi\u00e8re<\/p>\n<p><span class=\"Apple-tab-span\"> <\/span>\u2022 Les r\u00e9glages bo\u00eetier en studio<\/p>\n<p><span class=\"Apple-tab-span\"> <\/span>\u2022 Les valeurs de plan<\/p>\n<p><span class=\"Apple-tab-span\"> <\/span>\u2022 Les param\u00e8tres de la lumi\u00e8re &#8211; une source<\/p>\n<p><span class=\"Apple-tab-span\"> <\/span>\u2022 Les r\u00e9flecteurs et les coupe-flux<\/p>\n<p><span class=\"Apple-tab-span\"> <\/span>\u2022 Multiplier les sources de lumi\u00e8re<\/p>\n<p><span class=\"Apple-tab-span\"> <\/span>\u2022 D\u00e9chiffrer la lumi\u00e8re sur une image<\/p>\n<\/div>\n<\/li>\n<li>\n<h3>2. Organiser un shooting cr\u00e9atif<\/h3>\n<div>\n<p>Dur\u00e9e : 3h<\/p>\n<p>Prix : Individuel CHF 450.\u2013 \/ 2 pers. 300.\u2013\/pers.<\/p>\n<p>Conditions: Conna\u00eetre les bases de la photographie en studio, poss\u00e9der son propre \u00e9quipement photo.<\/p>\n<p>Contenu du cours :<\/p>\n<p><span class=\"Apple-tab-span\"> <\/span>\u2022 Conceptualisation d\u2019un shooting<\/p>\n<p><span class=\"Apple-tab-span\"> <\/span>\u2022 Cr\u00e9ation du moodboard<\/p>\n<p><span class=\"Apple-tab-span\"> <\/span>\u2022 D\u00e9pouillement<\/p>\n<p><span class=\"Apple-tab-span\"> <\/span>\u2022 R\u00e9partition des t\u00e2ches de production<\/p>\n<p><span class=\"Apple-tab-span\"> <\/span>\u2022 Rassembler son \u00e9quipe<\/p>\n<p><span class=\"Apple-tab-span\"> <\/span>\u2022 Maquettes et tests en studio &#8211; cr\u00e9ation de la shoot-liste<\/p>\n<p><span class=\"Apple-tab-span\"> <\/span>\u2022 Agenda<\/p>\n<p><span class=\"Apple-tab-span\"> <\/span>\u2022 Montage du setup studio<\/p>\n<p><span class=\"Apple-tab-span\"> <\/span>\u2022 Accueil du mod\u00e8le et \u00e9quipe<\/p>\n<p><span class=\"Apple-tab-span\"> <\/span>\u2022 R\u00e9alisation du shooting &#8211; suivit de la shoot-liste<\/p>\n<p><span class=\"Apple-tab-span\"> <\/span>\u2022 D\u00e9rushage sur Lightroom<\/p>\n<p><span class=\"Apple-tab-span\"> <\/span>\u2022 S\u00e9lection des images<\/p>\n<\/div>\n<\/li>\n<li>\n<h3>3. G\u00e9rer son workflow Lightroom<\/h3>\n<div>\n<p>Dur\u00e9e : 4h<\/p>\n<p>Prix : Individuel CHF 450.\u2013 \/ 2 pers. 300.\u2013\/pers.<\/p>\n<p>Conditions : Etre \u00e9quip\u00e9 d\u2019un PC ou MAC avec une licence Lightroom op\u00e9rationnelle install\u00e9e<\/p>\n<p>Conseill\u00e9 : Avoir un disque-dur externe d\u20191TB<\/p>\n<p>Contenu du cours :<\/p>\n<p><span class=\"Apple-tab-span\"> <\/span>\u2022 Pr\u00e9parer son setup Lightroom<\/p>\n<p><strong>Mode Biblioth\u00e8que<\/strong><\/p>\n<p><span class=\"Apple-tab-span\"> <\/span>\u2022 Organiser les Collections et les Ensembles de collections<\/p>\n<p><span class=\"Apple-tab-span\"> <\/span>\u2022 D\u00e9rusher un shooting<\/p>\n<p><span class=\"Apple-tab-span\"> <\/span>\u2022 S\u00e9lection des images &#8211; les diff\u00e9rents marqueurs<\/p>\n<p><strong>Mode D\u00e9veloppement<\/strong><\/p>\n<p><span class=\"Apple-tab-span\"> <\/span>\u2022 R\u00e9glages de base<\/p>\n<p><span class=\"Apple-tab-span\"> <\/span>\u2022 Correction de l\u2019objectif<\/p>\n<p><span class=\"Apple-tab-span\"> <\/span>\u2022 Gestion du bruit<\/p>\n<p><span class=\"Apple-tab-span\"> <\/span>\u2022 M\u00e9langeur de couleurs<\/p>\n<p><span class=\"Apple-tab-span\"> <\/span>\u2022 Color Grading<\/p>\n<p><span class=\"Apple-tab-span\"> <\/span>\u2022 Effets et flous<\/p>\n<p><strong>Exportation des images et formats<\/strong><\/p>\n<p><span class=\"Apple-tab-span\"> <\/span>\u2022 L\u2019interface d\u2019exportation<\/p>\n<p><span class=\"Apple-tab-span\"> <\/span>\u2022 G\u00e9rer ses archives<\/p>\n<p><span class=\"Apple-tab-span\"> <\/span>\u2022 Les formats num\u00e9riques en photo : RAW, JPEG, TIFF, DNG, PSD<\/p>\n<p><span class=\"Apple-tab-span\"> <\/span>\u2022 Les profils colorim\u00e9triques<\/p>\n<\/div>\n<\/li>\n<li>\n<h3>4. Editer un portrait sur Photoshop<\/h3>\n<div>\n<p>Dur\u00e9e 4h<\/p>\n<p>Prix : Individuel CHF 450.\u2013 \/ 2 pers. 300.\u2013\/pers.<\/p>\n<p>Conditions : Etre \u00e9quip\u00e9 d\u2019un PC ou MAC avec une licence Photoshop op\u00e9rationnelle et une tablette graphique.<\/p>\n<p>Contenu du cours :<\/p>\n<p><span class=\"Apple-tab-span\"> <\/span>\u2022 La passerelle Lightroom &#8211; Photoshop<\/p>\n<p><span class=\"Apple-tab-span\"> <\/span>\u2022 Le d\u00e9tourage<\/p>\n<p><span class=\"Apple-tab-span\"> <\/span>\u2022 Les calques<\/p>\n<p><span class=\"Apple-tab-span\"> <\/span>\u2022 Nettoyer et lisser un fond<\/p>\n<p><span class=\"Apple-tab-span\"> <\/span>\u2022 La s\u00e9paration de fr\u00e9quences<\/p>\n<p><span class=\"Apple-tab-span\"> <\/span>\u2022 Le dodge &amp; burn<\/p>\n<p><span class=\"Apple-tab-span\"> <\/span>\u2022 Les calques d\u2019effets et les pinceaux<\/p>\n<\/div>\n<\/li>\n<li>\n<h3>5. Shooting coach\u00e9<\/h3>\n<div>\n<p>Prix : 250.\u2013 ou avoir suivit les modules 1 et 2 ou 2 et 3<\/p>\n<p>Je vous accompagne dans \u00a0les diff\u00e9rentes \u00e9tapes de votre premier shooting portrait en studio.<\/p>\n<p>D\u00e9tails \u00e0 convenir selon votre niveau et vos attentes.<\/p>\n<\/p>\n<\/div>\n<\/li>\n<\/ul>\n<p>\n    <a href=\"\/contact\/\">Contacter-nous pour organiser votre formation sur mesure<\/a>\n<\/p>\n<p><!--more--><br \/>\n<!-- {\"type\":\"layout\",\"children\":[{\"type\":\"section\",\"props\":{\"style\":\"default\",\"width\":\"default\",\"vertical_align\":\"middle\",\"title_position\":\"top-left\",\"title_rotation\":\"left\",\"title_breakpoint\":\"xl\",\"image_position\":\"center-center\"},\"children\":[{\"type\":\"row\",\"children\":[{\"type\":\"column\",\"props\":{\"position_sticky_breakpoint\":\"m\",\"image_position\":\"center-center\",\"media_overlay_gradient\":\"\"},\"children\":[{\"type\":\"headline\",\"props\":{\"title_element\":\"h1\",\"content\":\"Chez Coloria nous proposons des modules de formation pour photographe d\\u00e9sirant se familiariser avec le portrait en studio.\",\"margin_remove_bottom\":false}},{\"type\":\"image\",\"props\":{\"margin\":\"small\",\"image_svg_color\":\"emphasis\",\"image\":\"wp-content\\\/uploads\\\/Setup_Studio_Formation-scaled.jpg\",\"image_alt\":\"Setup Studio Formation Photographe\",\"margin_remove_top\":false}},{\"type\":\"headline\",\"props\":{\"title_element\":\"h1\",\"content\":\"\n\n<h5>Chaque module peut \\u00eatre organis\\u00e9 individuellement ou par groupe de deux personnes.<br \\\/>D\\u00e8s l'achat de 2 modules, un shooting coach\\u00e9 est offert<\\\/h5>\"}},{\"type\":\"accordion\",\"props\":{\"show_image\":false,\"show_link\":true,\"collapsible\":true,\"content_column_breakpoint\":\"m\",\"image_svg_color\":\"emphasis\",\"image_align\":\"top\",\"image_grid_width\":\"1-2\",\"image_grid_breakpoint\":\"m\",\"link_text\":\"Read more\",\"link_style\":\"default\"},\"children\":[{\"type\":\"accordion_item\",\"props\":{\"title\":\"1. Les bases de la photographie portrait en studio\",\"content\":\"\n\n<p>Dur\\u00e9e: \\u00a04h<\\\/p>\\n\n\n<p>Prix : Individuel CHF 450.\\u2013 \\\/ \\u00e0 deux pers. 300.\\u2013\\\/pers.<\\\/p>\\n\n\n<p>Conditions: Poss\\u00e9der son propre \\u00e9quipement photo (bo\\u00eetier semi-pro et objectif LF entre 35 et 85mm)<\\\/p>\\n\n\n<p>Contenu du cours :<\\\/p>\\n\n\n<p><span class=\\\"Apple-tab-span\\\"> <\\\/span>\\u2022 Familiarisation avec l\\u2019\\u00e9quipement studio<\\\/p>\\n\n\n<p><span class=\\\"Apple-tab-span\\\"><\\\/span>\\u00a0 \\u00a0- Les fonds<\\\/p>\\n\n\n<p><span class=\\\"Apple-tab-span\\\"><\\\/span>\\u00a0 \\u00a0- Les tr\\u00e9pieds<\\\/p>\\n\n\n<p><span class=\\\"Apple-tab-span\\\"><\\\/span>\\u00a0 \\u00a0- Les T\\u00eates flash avec t\\u00e9l\\u00e9commande<\\\/p>\\n\n\n<p><span class=\\\"Apple-tab-span\\\"><\\\/span>\\u00a0 \\u00a0- Les fa\\u00e7onneurs de lumi\\u00e8re<\\\/p>\\n\n\n<p><span class=\\\"Apple-tab-span\\\"> <\\\/span>\\u2022 Les r\\u00e9glages bo\\u00eetier en studio<\\\/p>\\n\n\n<p><span class=\\\"Apple-tab-span\\\"> <\\\/span>\\u2022 Les valeurs de plan<\\\/p>\\n\n\n<p><span class=\\\"Apple-tab-span\\\"> <\\\/span>\\u2022 Les param\\u00e8tres de la lumi\\u00e8re - une source<\\\/p>\\n\n\n<p><span class=\\\"Apple-tab-span\\\"> <\\\/span>\\u2022 Les r\\u00e9flecteurs et les coupe-flux<\\\/p>\\n\n\n<p><span class=\\\"Apple-tab-span\\\"> <\\\/span>\\u2022 Multiplier les sources de lumi\\u00e8re<\\\/p>\\n\n\n<p><span class=\\\"Apple-tab-span\\\"> <\\\/span>\\u2022 D\\u00e9chiffrer la lumi\\u00e8re sur une image<\\\/p>\"}},{\"type\":\"accordion_item\",\"props\":{\"title\":\"2. Organiser un shooting cr\\u00e9atif\",\"content\":\"\n\n<p>Dur\\u00e9e : 3h<\\\/p>\\n\n\n<p>Prix : Individuel CHF 450.\\u2013 \\\/ 2 pers. 300.\\u2013\\\/pers.<\\\/p>\\n\n\n<p>Conditions: Conna\\u00eetre les bases de la photographie en studio, poss\\u00e9der son propre \\u00e9quipement photo.<\\\/p>\\n\n\n<p>Contenu du cours :<\\\/p>\\n\n\n<p><span class=\\\"Apple-tab-span\\\"> <\\\/span>\\u2022 Conceptualisation d\\u2019un shooting<\\\/p>\\n\n\n<p><span class=\\\"Apple-tab-span\\\"> <\\\/span>\\u2022 Cr\\u00e9ation du moodboard<\\\/p>\\n\n\n<p><span class=\\\"Apple-tab-span\\\"> <\\\/span>\\u2022 D\\u00e9pouillement<\\\/p>\\n\n\n<p><span class=\\\"Apple-tab-span\\\"> <\\\/span>\\u2022 R\\u00e9partition des t\\u00e2ches de production<\\\/p>\\n\n\n<p><span class=\\\"Apple-tab-span\\\"> <\\\/span>\\u2022 Rassembler son \\u00e9quipe<\\\/p>\\n\n\n<p><span class=\\\"Apple-tab-span\\\"> <\\\/span>\\u2022 Maquettes et tests en studio - cr\\u00e9ation de la shoot-liste<\\\/p>\\n\n\n<p><span class=\\\"Apple-tab-span\\\"> <\\\/span>\\u2022 Agenda<\\\/p>\\n\n\n<p><span class=\\\"Apple-tab-span\\\"> <\\\/span>\\u2022 Montage du setup studio<\\\/p>\\n\n\n<p><span class=\\\"Apple-tab-span\\\"> <\\\/span>\\u2022 Accueil du mod\\u00e8le et \\u00e9quipe<\\\/p>\\n\n\n<p><span class=\\\"Apple-tab-span\\\"> <\\\/span>\\u2022 R\\u00e9alisation du shooting - suivit de la shoot-liste<\\\/p>\\n\n\n<p><span class=\\\"Apple-tab-span\\\"> <\\\/span>\\u2022 D\\u00e9rushage sur Lightroom<\\\/p>\\n\n\n<p><span class=\\\"Apple-tab-span\\\"> <\\\/span>\\u2022 S\\u00e9lection des images<\\\/p>\"}},{\"type\":\"accordion_item\",\"props\":{\"title\":\"3. G\\u00e9rer son workflow Lightroom\",\"content\":\"\n\n<p>Dur\\u00e9e : 4h<\\\/p>\\n\n\n<p>Prix : Individuel CHF 450.\\u2013 \\\/ 2 pers. 300.\\u2013\\\/pers.<\\\/p>\\n\n\n<p>Conditions : Etre \\u00e9quip\\u00e9 d\\u2019un PC ou MAC avec une licence Lightroom op\\u00e9rationnelle install\\u00e9e<\\\/p>\\n\n\n<p>Conseill\\u00e9 : Avoir un disque-dur externe d\\u20191TB<\\\/p>\\n\n\n<p>Contenu du cours :<\\\/p>\\n\n\n<p><span class=\\\"Apple-tab-span\\\"> <\\\/span>\\u2022 Pr\\u00e9parer son setup Lightroom<\\\/p>\\n\n\n<p><strong>Mode Biblioth\\u00e8que<\\\/strong><\\\/p>\\n\n\n<p><span class=\\\"Apple-tab-span\\\"> <\\\/span>\\u2022 Organiser les Collections et les Ensembles de collections<\\\/p>\\n\n\n<p><span class=\\\"Apple-tab-span\\\"> <\\\/span>\\u2022 D\\u00e9rusher un shooting<\\\/p>\\n\n\n<p><span class=\\\"Apple-tab-span\\\"> <\\\/span>\\u2022 S\\u00e9lection des images - les diff\\u00e9rents marqueurs<\\\/p>\\n\n\n<p><strong>Mode D\\u00e9veloppement<\\\/strong><\\\/p>\\n\n\n<p><span class=\\\"Apple-tab-span\\\"> <\\\/span>\\u2022 R\\u00e9glages de base<\\\/p>\\n\n\n<p><span class=\\\"Apple-tab-span\\\"> <\\\/span>\\u2022 Correction de l\\u2019objectif<\\\/p>\\n\n\n<p><span class=\\\"Apple-tab-span\\\"> <\\\/span>\\u2022 Gestion du bruit<\\\/p>\\n\n\n<p><span class=\\\"Apple-tab-span\\\"> <\\\/span>\\u2022 M\\u00e9langeur de couleurs<\\\/p>\\n\n\n<p><span class=\\\"Apple-tab-span\\\"> <\\\/span>\\u2022 Color Grading<\\\/p>\\n\n\n<p><span class=\\\"Apple-tab-span\\\"> <\\\/span>\\u2022 Effets et flous<\\\/p>\\n\n\n<p><strong>Exportation des images et formats<\\\/strong><\\\/p>\\n\n\n<p><span class=\\\"Apple-tab-span\\\"> <\\\/span>\\u2022 L\\u2019interface d\\u2019exportation<\\\/p>\\n\n\n<p><span class=\\\"Apple-tab-span\\\"> <\\\/span>\\u2022 G\\u00e9rer ses archives<\\\/p>\\n\n\n<p><span class=\\\"Apple-tab-span\\\"> <\\\/span>\\u2022 Les formats num\\u00e9riques en photo : RAW, JPEG, TIFF, DNG, PSD<\\\/p>\\n\n\n<p><span class=\\\"Apple-tab-span\\\"> <\\\/span>\\u2022 Les profils colorim\\u00e9triques<\\\/p>\"}},{\"type\":\"accordion_item\",\"props\":{\"title\":\"4. Editer un portrait sur Photoshop\",\"content\":\"\n\n<p>Dur\\u00e9e 4h<\\\/p>\\n\n\n<p>Prix : Individuel CHF 450.\\u2013 \\\/ 2 pers. 300.\\u2013\\\/pers.<\\\/p>\\n\n\n<p>Conditions : Etre \\u00e9quip\\u00e9 d\\u2019un PC ou MAC avec une licence Photoshop op\\u00e9rationnelle et une tablette graphique.<\\\/p>\\n\n\n<p>Contenu du cours :<\\\/p>\\n\n\n<p><span class=\\\"Apple-tab-span\\\"> <\\\/span>\\u2022 La passerelle Lightroom - Photoshop<\\\/p>\\n\n\n<p><span class=\\\"Apple-tab-span\\\"> <\\\/span>\\u2022 Le d\\u00e9tourage<\\\/p>\\n\n\n<p><span class=\\\"Apple-tab-span\\\"> <\\\/span>\\u2022 Les calques<\\\/p>\\n\n\n<p><span class=\\\"Apple-tab-span\\\"> <\\\/span>\\u2022 Nettoyer et lisser un fond<\\\/p>\\n\n\n<p><span class=\\\"Apple-tab-span\\\"> <\\\/span>\\u2022 La s\\u00e9paration de fr\\u00e9quences<\\\/p>\\n\n\n<p><span class=\\\"Apple-tab-span\\\"> <\\\/span>\\u2022 Le dodge &amp; burn<\\\/p>\\n\n\n<p><span class=\\\"Apple-tab-span\\\"> <\\\/span>\\u2022 Les calques d\\u2019effets et les pinceaux<\\\/p>\"}},{\"type\":\"accordion_item\",\"props\":{\"title\":\"5. Shooting coach\\u00e9\",\"content\":\"\n\n<p>Prix : 250.\\u2013 ou avoir suivit les modules 1 et 2 ou 2 et 3<\\\/p>\\n\n\n<p>Je vous accompagne dans \\u00a0les diff\\u00e9rentes \\u00e9tapes de votre premier shooting portrait en studio.<\\\/p>\\n\n\n<p>D\\u00e9tails \\u00e0 convenir selon votre niveau et vos attentes.<\\\/p>\\n\n\n<p><\\\/p>\"}}]},{\"type\":\"button\",\"props\":{\"grid_column_gap\":\"small\",\"grid_row_gap\":\"small\",\"margin\":\"default\"},\"children\":[{\"type\":\"button_item\",\"props\":{\"button_style\":\"primary\",\"icon_align\":\"left\",\"content\":\"Contacter-nous pour organiser votre formation sur mesure\",\"link\":\"contact\\\/\",\"icon\":\"mail\",\"link_target\":\"blank\"}}]}]}]}]},{\"type\":\"section\",\"props\":{\"style\":\"default\",\"width\":\"default\",\"vertical_align\":\"middle\",\"title_position\":\"top-left\",\"title_rotation\":\"left\",\"title_breakpoint\":\"xl\",\"image_position\":\"center-center\"},\"children\":[{\"type\":\"row\",\"children\":[{\"type\":\"column\",\"props\":{\"position_sticky_breakpoint\":\"m\",\"image_position\":\"center-center\",\"media_overlay_gradient\":\"\"},\"children\":[]}]}]}],\"version\":\"2.7.22\"} --><\/p>\n","protected":false},"excerpt":{"rendered":"<p>Chez Coloria nous proposons des modules de formation pour photographe d\u00e9sirant se familiariser avec le portrait en studio. Chaque module peut \u00eatre organis\u00e9 individuellement ou par groupe de deux personnes.D\u00e8s l&rsquo;achat de 2 modules, un shooting coach\u00e9 est offert 1. Les bases de la photographie portrait en studio Dur\u00e9e: \u00a04h Prix : Individuel CHF 450.\u2013 [&hellip;]<\/p>\n","protected":false},"author":2,"featured_media":0,"parent":0,"menu_order":0,"comment_status":"closed","ping_status":"closed","template":"","meta":{"_acf_changed":false,"footnotes":""},"class_list":["post-6327","page","type-page","status-publish","hentry"],"acf":[],"_links":{"self":[{"href":"https:\/\/coloria.ch\/bmjheebi\/wp-json\/wp\/v2\/pages\/6327","targetHints":{"allow":["GET"]}}],"collection":[{"href":"https:\/\/coloria.ch\/bmjheebi\/wp-json\/wp\/v2\/pages"}],"about":[{"href":"https:\/\/coloria.ch\/bmjheebi\/wp-json\/wp\/v2\/types\/page"}],"author":[{"embeddable":true,"href":"https:\/\/coloria.ch\/bmjheebi\/wp-json\/wp\/v2\/users\/2"}],"replies":[{"embeddable":true,"href":"https:\/\/coloria.ch\/bmjheebi\/wp-json\/wp\/v2\/comments?post=6327"}],"version-history":[{"count":1,"href":"https:\/\/coloria.ch\/bmjheebi\/wp-json\/wp\/v2\/pages\/6327\/revisions"}],"predecessor-version":[{"id":7914,"href":"https:\/\/coloria.ch\/bmjheebi\/wp-json\/wp\/v2\/pages\/6327\/revisions\/7914"}],"wp:attachment":[{"href":"https:\/\/coloria.ch\/bmjheebi\/wp-json\/wp\/v2\/media?parent=6327"}],"curies":[{"name":"wp","href":"https:\/\/api.w.org\/{rel}","templated":true}]}}