{"id":6520,"date":"2024-08-05T13:39:39","date_gmt":"2024-08-05T11:39:39","guid":{"rendered":"https:\/\/coloria.ch\/bmjheebi\/?page_id=6520"},"modified":"2026-01-29T06:59:35","modified_gmt":"2026-01-29T06:59:35","slug":"shooting-freestyle","status":"publish","type":"page","link":"https:\/\/coloria.ch\/bmjheebi\/shooting-freestyle\/","title":{"rendered":"Accueil pour les mod\u00e8les"},"content":{"rendered":"<p><img decoding=\"async\" src=\"\/wp-content\/uploads\/Shooting_Freestyle.jpg\" alt=\"\"><\/p>\n<div>\n<h1 style=\"text-align: center;\">Shooting book model<\/h1>\n<h2 style=\"text-align: center;\">Pour alimenter votre book-mod\u00e8le, r\u00e9servez votre shooting !<\/h2>\n<p>Pour postuler dans les agences de mannequins ou simplement pour vous faire plaisir, r\u00e9servez votre s\u00e9ance au studio Coloria ! Nous r\u00e9aliserons ensemble des images cr\u00e9ative, styl\u00e9es et dynamiques pour \u00e9toffer votre portfolio.<\/p>\n<\/div>\n<ul>\n<li>\n        <a href=\"https:\/\/coloria.ch\/bmjheebi\/nouveausite\/contact\/\">Contactez-nous<\/a>\n    <\/li>\n<li>\n        <a href=\"\/backstage-photo\/\">Les coulisses<\/a>\n    <\/li>\n<li>\n        <a href=\"https:\/\/coloria.ch\/bmjheebi\/photo-portrait-particulier\/\">Prix et prestations<\/a>\n    <\/li>\n<\/ul>\n<div>\n<p>[widgetkit id=\u00a0\u00bb90&Prime;]<\/p>\n<\/div>\n<p><!--more--><br \/>\n<!-- {\"type\":\"layout\",\"children\":[{\"type\":\"section\",\"props\":{\"image_position\":\"center-center\",\"padding_remove_top\":true,\"style\":\"secondary\",\"title_breakpoint\":\"xl\",\"title_position\":\"top-left\",\"title_rotation\":\"left\",\"vertical_align\":\"middle\",\"width\":\"default\"},\"children\":[{\"type\":\"row\",\"children\":[{\"type\":\"column\",\"props\":{\"image_position\":\"center-center\",\"position_sticky_breakpoint\":\"m\"},\"children\":[{\"type\":\"image\",\"props\":{\"container_padding_remove\":false,\"image\":\"wp-content\\\/uploads\\\/Shooting_Freestyle.jpg\",\"image_svg_color\":\"emphasis\",\"margin\":\"default\"}}]}]},{\"type\":\"row\",\"children\":[{\"type\":\"column\",\"props\":{\"image_position\":\"center-center\",\"position_sticky_breakpoint\":\"m\",\"width_medium\":\"1-1\"},\"children\":[{\"type\":\"text\",\"props\":{\"column_breakpoint\":\"m\",\"content\":\"\n\n<h1 style=\\\"text-align: center;\\\">Shooting book model<\\\/h1>\\n\n\n<h2 style=\\\"text-align: center;\\\">Pour alimenter votre book-mod\\u00e8le, r\\u00e9servez votre shooting !<\\\/h2>\\n\n\n<p>Pour postuler dans les agences de mannequins ou simplement pour vous faire plaisir, r\\u00e9servez votre s\\u00e9ance au studio Coloria ! Nous r\\u00e9aliserons ensemble des images cr\\u00e9ative, styl\\u00e9es et dynamiques pour \\u00e9toffer votre portfolio.<\\\/p>\",\"margin\":\"default\",\"text_color\":\"emphasis\"}},{\"type\":\"button\",\"props\":{\"grid_column_gap\":\"small\",\"grid_row_gap\":\"small\",\"margin\":\"default\",\"text_align\":\"center\"},\"children\":[{\"type\":\"button_item\",\"props\":{\"button_style\":\"primary\",\"content\":\"Contactez-nous\",\"icon_align\":\"left\",\"link\":\"https:\\\/\\\/coloria.ch\\\/bmjheebi\\\/nouveausite\\\/contact\\\/\"}},{\"type\":\"button_item\",\"props\":{\"button_style\":\"primary\",\"content\":\"Les coulisses\",\"icon_align\":\"left\",\"link\":\"backstage-photo\\\/\"}},{\"type\":\"button_item\",\"props\":{\"button_style\":\"primary\",\"content\":\"Prix et prestations\",\"icon_align\":\"left\",\"link\":\"https:\\\/\\\/coloria.ch\\\/bmjheebi\\\/photo-portrait-particulier\\\/\"}}]},{\"type\":\"text\",\"props\":{\"column_breakpoint\":\"m\",\"content\":\"\n\n<p>[widgetkit id=\\\"90\\\"]<\\\/p>\",\"margin\":\"default\",\"text_color\":\"primary\"}}]}]}]},{\"type\":\"section\",\"props\":{\"image_position\":\"center-center\",\"style\":\"default\",\"title_breakpoint\":\"xl\",\"title_position\":\"top-left\",\"title_rotation\":\"left\",\"vertical_align\":\"middle\",\"width\":\"default\"},\"children\":[{\"type\":\"row\",\"children\":[{\"type\":\"column\",\"props\":{\"image_position\":\"center-center\",\"position_sticky_breakpoint\":\"m\"}}]}]}],\"version\":\"4.3.7\"} --><\/p>\n","protected":false},"excerpt":{"rendered":"<p>Shooting book model Pour alimenter votre book-mod\u00e8le, r\u00e9servez votre shooting ! Pour postuler dans les agences de mannequins ou simplement pour vous faire plaisir, r\u00e9servez votre s\u00e9ance au studio Coloria ! Nous r\u00e9aliserons ensemble des images cr\u00e9ative, styl\u00e9es et dynamiques pour \u00e9toffer votre portfolio. Contactez-nous Les coulisses Prix et prestations [widgetkit id=\u00a0\u00bb90&Prime;]<\/p>\n","protected":false},"author":2,"featured_media":0,"parent":0,"menu_order":0,"comment_status":"closed","ping_status":"closed","template":"","meta":{"_acf_changed":false,"footnotes":""},"class_list":["post-6520","page","type-page","status-publish","hentry"],"acf":[],"_links":{"self":[{"href":"https:\/\/coloria.ch\/bmjheebi\/wp-json\/wp\/v2\/pages\/6520","targetHints":{"allow":["GET"]}}],"collection":[{"href":"https:\/\/coloria.ch\/bmjheebi\/wp-json\/wp\/v2\/pages"}],"about":[{"href":"https:\/\/coloria.ch\/bmjheebi\/wp-json\/wp\/v2\/types\/page"}],"author":[{"embeddable":true,"href":"https:\/\/coloria.ch\/bmjheebi\/wp-json\/wp\/v2\/users\/2"}],"replies":[{"embeddable":true,"href":"https:\/\/coloria.ch\/bmjheebi\/wp-json\/wp\/v2\/comments?post=6520"}],"version-history":[{"count":36,"href":"https:\/\/coloria.ch\/bmjheebi\/wp-json\/wp\/v2\/pages\/6520\/revisions"}],"predecessor-version":[{"id":8804,"href":"https:\/\/coloria.ch\/bmjheebi\/wp-json\/wp\/v2\/pages\/6520\/revisions\/8804"}],"wp:attachment":[{"href":"https:\/\/coloria.ch\/bmjheebi\/wp-json\/wp\/v2\/media?parent=6520"}],"curies":[{"name":"wp","href":"https:\/\/api.w.org\/{rel}","templated":true}]}}